{"id":47516,"date":"2022-12-24T15:10:14","date_gmt":"2022-12-24T15:10:14","guid":{"rendered":"https:\/\/gennarosica.it\/de\/?page_id=47516"},"modified":"2023-05-06T11:48:51","modified_gmt":"2023-05-06T11:48:51","slug":"canzone-napoletana","status":"publish","type":"page","link":"https:\/\/gennarosica.it\/de\/canzone-napoletana\/","title":{"rendered":"CANZONE NAPOLETANA"},"content":{"rendered":"<p>[et_pb_section fb_built=&#8221;1&#8243; _builder_version=&#8221;4.19.4&#8243; _module_preset=&#8221;default&#8221; global_colors_info=&#8221;{}&#8221;][et_pb_row _builder_version=&#8221;4.19.4&#8243; _module_preset=&#8221;default&#8221; global_colors_info=&#8221;{}&#8221;][et_pb_column type=&#8221;4_4&#8243; _builder_version=&#8221;4.19.4&#8243; _module_preset=&#8221;default&#8221; global_colors_info=&#8221;{}&#8221;][et_pb_text _builder_version=&#8221;4.20.4&#8243; _module_preset=&#8221;default&#8221; hover_enabled=&#8221;0&#8243; global_colors_info=&#8221;{}&#8221; content_last_edited=&#8221;on|phone&#8221; sticky_enabled=&#8221;0&#8243; content_phone=&#8221;&nbsp;<\/p>\n<p><span style=%22font-size: 16pt;%22><strong>Stage zur klassischen napolitanischen\u00a0 Kanzone:\u00a0<\/strong><strong>Diktion, Stil, Interpretation.<\/strong><\/span><\/p>\n<p>&nbsp;<\/p>\n<p style=%22text-align: justify;%22><span style=%22font-size: 12pt;%22>In meinem klassischen Repertoire nimmt die klassische,\u00a0 neapolitanische Kanzone neben Oper, Operette und Lied schon immer einen privilegierten Platz ein.\u00a0 Immer daran interessiert, unver\u00f6ffentlichte oder wenig bekannte Werke zu recherchieren, habe ich einige Kompositionen und Duette gesammelt und auf vier CDs aufgenommen, die zum goldenen Zeitalter des neapolitanischen Kanzone geh\u00f6ren und die in ihrer alten Sch\u00f6nheit intakt sind, gerade weil sie selten aufgef\u00fchrt oder sogar vergessen werden.\u00a0 Getreu dem klassischen lyrischen Rahmen der neapolitanischen Musiktradition sowie meinen Urspr\u00fcngen wollte ich unsere melodische Identit\u00e4t vollst\u00e4ndig interpretieren.<\/span><\/p>\n<p>&#8221; content_tablet=&#8221;<\/p>\n<p style=%22text-align: left;%22><span style=%22font-size: 20pt;%22><strong>Stage zur klassischen napolitanischen\u00a0 Kanzone:\u00a0<\/strong><strong>Diktion, Stil, Interpretation.<\/strong><\/span><\/p>\n<p style=%22text-align: left;%22><span style=%22font-size: 14pt;%22>In meinem klassischen Repertoire nimmt die klassische,\u00a0 neapolitanische Kanzone neben Oper, Operette und Lied schon immer einen privilegierten Platz ein.\u00a0 Immer daran interessiert, unver\u00f6ffentlichte oder wenig bekannte Werke zu recherchieren, habe ich einige Kompositionen und Duette gesammelt und auf vier CDs aufgenommen, die zum goldenen Zeitalter des neapolitanischen Kanzone geh\u00f6ren und die in ihrer alten Sch\u00f6nheit intakt sind, gerade weil sie selten aufgef\u00fchrt oder sogar vergessen werden.\u00a0 Getreu dem klassischen lyrischen Rahmen der neapolitanischen Musiktradition sowie meinen Urspr\u00fcngen wollte ich unsere melodische Identit\u00e4t vollst\u00e4ndig interpretieren.<\/span><\/p>\n<p>&#8220;]<\/p>\n<p style=\"text-align: left;\"><span style=\"font-size: 20pt;\"><strong>Stage zur klassischen napolitanischen\u00a0 Kanzone:\u00a0<\/strong><strong>Diktion, Stil, Interpretation.<\/strong><\/span><\/p>\n<p style=\"text-align: left;\"><span style=\"font-size: 14pt;\">In meinem klassischen Repertoire nimmt die klassische,\u00a0 neapolitanische Kanzone neben Oper, Operette und Lied schon immer einen privilegierten Platz ein.\u00a0 Immer daran interessiert, unver\u00f6ffentlichte oder wenig bekannte Werke zu recherchieren, habe ich einige Kompositionen und Duette gesammelt und auf vier CDs aufgenommen, die zum goldenen Zeitalter des neapolitanischen Kanzone geh\u00f6ren und die in ihrer alten Sch\u00f6nheit intakt sind, gerade weil sie selten aufgef\u00fchrt oder sogar vergessen werden.\u00a0 Getreu dem klassischen lyrischen Rahmen der neapolitanischen Musiktradition sowie meinen Urspr\u00fcngen wollte ich unsere melodische Identit\u00e4t vollst\u00e4ndig interpretieren.<\/span><\/p>\n<p>[\/et_pb_text][\/et_pb_column][\/et_pb_row][\/et_pb_section]<\/p>\n","protected":false},"excerpt":{"rendered":"<p>Stage zur klassischen napolitanischen\u00a0 Kanzone:\u00a0Diktion, Stil, Interpretation. In meinem klassischen Repertoire nimmt die klassische,\u00a0 neapolitanische Kanzone neben Oper, Operette und Lied schon immer einen privilegierten Platz ein.\u00a0 Immer daran interessiert, unver\u00f6ffentlichte oder wenig bekannte Werke zu recherchieren, habe ich einige Kompositionen und Duette gesammelt und auf vier CDs aufgenommen, die zum goldenen Zeitalter des neapolitanischen [&hellip;]<\/p>\n","protected":false},"author":3,"featured_media":0,"parent":0,"menu_order":0,"comment_status":"closed","ping_status":"closed","template":"","meta":{"_et_pb_use_builder":"on","_et_pb_old_content":"","_et_gb_content_width":"","_ml_titleColor":"#000000","_ml_titleFont":"Roboto","_ml_titleFontSize":1.136,"_ml_titleFontWeight":"400","_ml_titleLineHeight":1.3,"_ml_metaColor":"#708090","_ml_metaFont":"Montserrat","_ml_metaFontSize":0.6785,"_ml_metaFontWeight":"400","_ml_metaLineHeight":0.92,"_ml_bodyColor":"#a9a9a9","_ml_bodyFont":"Open Sans","_ml_bodyFontSize":0.85,"_ml_bodyFontWeight":"400","_ml_bodyLineHeight":1.2,"_ml_wooPriceColor":"#666","_ml_wooPriceFont":"Open Sans","_ml_wooPriceFontSize":0.9,"_ml_wooPriceFontWeight":"400","_ml_wooPriceLineHeight":1.27,"_ml_headingColor":"#000","_ml_headingFont":"Merriweather","_ml_headingFontSize":2.02,"_ml_headingFontWeight":"700","_ml_headingLineHeight":1.47,"_mlglobal_userfontcolors":{"headingColorUser":[],"titleColorUser":[],"metaColorUser":[],"bodyColorUser":[],"wooPriceColorUser":[]},"footnotes":""},"class_list":["post-47516","page","type-page","status-publish","hentry"],"yoast_head":"<!-- This site is optimized with the Yoast SEO plugin v27.4 - https:\/\/yoast.com\/product\/yoast-seo-wordpress\/ -->\n<title>CANZONE NAPOLETANA - Tenore Gennaro Sica<\/title>\n<meta name=\"robots\" content=\"index, follow, max-snippet:-1, max-image-preview:large, max-video-preview:-1\" \/>\n<link rel=\"canonical\" href=\"https:\/\/gennarosica.it\/de\/canzone-napoletana\/\" \/>\n<meta property=\"og:locale\" content=\"it_IT\" \/>\n<meta property=\"og:type\" content=\"article\" \/>\n<meta property=\"og:title\" content=\"CANZONE NAPOLETANA - Tenore Gennaro Sica\" \/>\n<meta property=\"og:description\" content=\"Stage zur klassischen napolitanischen\u00a0 Kanzone:\u00a0Diktion, Stil, Interpretation. In meinem klassischen Repertoire nimmt die klassische,\u00a0 neapolitanische Kanzone neben Oper, Operette und Lied schon immer einen privilegierten Platz ein.\u00a0 Immer daran interessiert, unver\u00f6ffentlichte oder wenig bekannte Werke zu recherchieren, habe ich einige Kompositionen und Duette gesammelt und auf vier CDs aufgenommen, die zum goldenen Zeitalter des neapolitanischen [&hellip;]\" \/>\n<meta property=\"og:url\" content=\"https:\/\/gennarosica.it\/de\/canzone-napoletana\/\" \/>\n<meta property=\"og:site_name\" content=\"Tenore Gennaro Sica\" \/>\n<meta property=\"article:publisher\" content=\"https:\/\/www.facebook.com\/oltrelabellezzaviareggio\/\" \/>\n<meta property=\"article:modified_time\" content=\"2023-05-06T11:48:51+00:00\" \/>\n<meta name=\"twitter:card\" content=\"summary_large_image\" \/>\n<meta name=\"twitter:label1\" content=\"Tempo di lettura stimato\" \/>\n\t<meta name=\"twitter:data1\" content=\"1 minuto\" \/>\n<script type=\"application\/ld+json\" class=\"yoast-schema-graph\">{\"@context\":\"https:\\\/\\\/schema.org\",\"@graph\":[{\"@type\":\"WebPage\",\"@id\":\"https:\\\/\\\/gennarosica.it\\\/de\\\/canzone-napoletana\\\/\",\"url\":\"https:\\\/\\\/gennarosica.it\\\/de\\\/canzone-napoletana\\\/\",\"name\":\"CANZONE NAPOLETANA - Tenore Gennaro Sica\",\"isPartOf\":{\"@id\":\"\\\/#website\"},\"datePublished\":\"2022-12-24T15:10:14+00:00\",\"dateModified\":\"2023-05-06T11:48:51+00:00\",\"breadcrumb\":{\"@id\":\"https:\\\/\\\/gennarosica.it\\\/de\\\/canzone-napoletana\\\/#breadcrumb\"},\"inLanguage\":\"it-IT\",\"potentialAction\":[{\"@type\":\"ReadAction\",\"target\":[\"https:\\\/\\\/gennarosica.it\\\/de\\\/canzone-napoletana\\\/\"]}]},{\"@type\":\"BreadcrumbList\",\"@id\":\"https:\\\/\\\/gennarosica.it\\\/de\\\/canzone-napoletana\\\/#breadcrumb\",\"itemListElement\":[{\"@type\":\"ListItem\",\"position\":1,\"name\":\"Home\",\"item\":\"https:\\\/\\\/gennarosica.it\\\/de\\\/\"},{\"@type\":\"ListItem\",\"position\":2,\"name\":\"CANZONE NAPOLETANA\"}]},{\"@type\":\"WebSite\",\"@id\":\"\\\/#website\",\"url\":\"\\\/\",\"name\":\"Tenore Gennaro Sica\",\"description\":\"Canto e Arte scenica\",\"potentialAction\":[{\"@type\":\"SearchAction\",\"target\":{\"@type\":\"EntryPoint\",\"urlTemplate\":\"\\\/?s={search_term_string}\"},\"query-input\":{\"@type\":\"PropertyValueSpecification\",\"valueRequired\":true,\"valueName\":\"search_term_string\"}}],\"inLanguage\":\"it-IT\"}]}<\/script>\n<!-- \/ Yoast SEO plugin. -->","yoast_head_json":{"title":"CANZONE NAPOLETANA - Tenore Gennaro Sica","robots":{"index":"index","follow":"follow","max-snippet":"max-snippet:-1","max-image-preview":"max-image-preview:large","max-video-preview":"max-video-preview:-1"},"canonical":"https:\/\/gennarosica.it\/de\/canzone-napoletana\/","og_locale":"it_IT","og_type":"article","og_title":"CANZONE NAPOLETANA - Tenore Gennaro Sica","og_description":"Stage zur klassischen napolitanischen\u00a0 Kanzone:\u00a0Diktion, Stil, Interpretation. In meinem klassischen Repertoire nimmt die klassische,\u00a0 neapolitanische Kanzone neben Oper, Operette und Lied schon immer einen privilegierten Platz ein.\u00a0 Immer daran interessiert, unver\u00f6ffentlichte oder wenig bekannte Werke zu recherchieren, habe ich einige Kompositionen und Duette gesammelt und auf vier CDs aufgenommen, die zum goldenen Zeitalter des neapolitanischen [&hellip;]","og_url":"https:\/\/gennarosica.it\/de\/canzone-napoletana\/","og_site_name":"Tenore Gennaro Sica","article_publisher":"https:\/\/www.facebook.com\/oltrelabellezzaviareggio\/","article_modified_time":"2023-05-06T11:48:51+00:00","twitter_card":"summary_large_image","twitter_misc":{"Tempo di lettura stimato":"1 minuto"},"schema":{"@context":"https:\/\/schema.org","@graph":[{"@type":"WebPage","@id":"https:\/\/gennarosica.it\/de\/canzone-napoletana\/","url":"https:\/\/gennarosica.it\/de\/canzone-napoletana\/","name":"CANZONE NAPOLETANA - Tenore Gennaro Sica","isPartOf":{"@id":"\/#website"},"datePublished":"2022-12-24T15:10:14+00:00","dateModified":"2023-05-06T11:48:51+00:00","breadcrumb":{"@id":"https:\/\/gennarosica.it\/de\/canzone-napoletana\/#breadcrumb"},"inLanguage":"it-IT","potentialAction":[{"@type":"ReadAction","target":["https:\/\/gennarosica.it\/de\/canzone-napoletana\/"]}]},{"@type":"BreadcrumbList","@id":"https:\/\/gennarosica.it\/de\/canzone-napoletana\/#breadcrumb","itemListElement":[{"@type":"ListItem","position":1,"name":"Home","item":"https:\/\/gennarosica.it\/de\/"},{"@type":"ListItem","position":2,"name":"CANZONE NAPOLETANA"}]},{"@type":"WebSite","@id":"\/#website","url":"\/","name":"Tenore Gennaro Sica","description":"Canto e Arte scenica","potentialAction":[{"@type":"SearchAction","target":{"@type":"EntryPoint","urlTemplate":"\/?s={search_term_string}"},"query-input":{"@type":"PropertyValueSpecification","valueRequired":true,"valueName":"search_term_string"}}],"inLanguage":"it-IT"}]}},"_links":{"self":[{"href":"https:\/\/gennarosica.it\/de\/wp-json\/wp\/v2\/pages\/47516","targetHints":{"allow":["GET"]}}],"collection":[{"href":"https:\/\/gennarosica.it\/de\/wp-json\/wp\/v2\/pages"}],"about":[{"href":"https:\/\/gennarosica.it\/de\/wp-json\/wp\/v2\/types\/page"}],"author":[{"embeddable":true,"href":"https:\/\/gennarosica.it\/de\/wp-json\/wp\/v2\/users\/3"}],"replies":[{"embeddable":true,"href":"https:\/\/gennarosica.it\/de\/wp-json\/wp\/v2\/comments?post=47516"}],"version-history":[{"count":12,"href":"https:\/\/gennarosica.it\/de\/wp-json\/wp\/v2\/pages\/47516\/revisions"}],"predecessor-version":[{"id":48386,"href":"https:\/\/gennarosica.it\/de\/wp-json\/wp\/v2\/pages\/47516\/revisions\/48386"}],"wp:attachment":[{"href":"https:\/\/gennarosica.it\/de\/wp-json\/wp\/v2\/media?parent=47516"}],"curies":[{"name":"wp","href":"https:\/\/api.w.org\/{rel}","templated":true}]}}