{"id":47510,"date":"2022-12-24T15:08:58","date_gmt":"2022-12-24T15:08:58","guid":{"rendered":"https:\/\/gennarosica.it\/de\/?page_id=47510"},"modified":"2023-05-06T11:43:12","modified_gmt":"2023-05-06T11:43:12","slug":"stage-di-avviamento","status":"publish","type":"page","link":"https:\/\/gennarosica.it\/de\/stage-di-avviamento\/","title":{"rendered":"STAGE DI AVVIAMENTO"},"content":{"rendered":"<p>[et_pb_section fb_built=&#8221;1&#8243; _builder_version=&#8221;4.19.4&#8243; _module_preset=&#8221;default&#8221; global_colors_info=&#8221;{}&#8221;][et_pb_row _builder_version=&#8221;4.19.4&#8243; _module_preset=&#8221;default&#8221; global_colors_info=&#8221;{}&#8221;][et_pb_column type=&#8221;4_4&#8243; _builder_version=&#8221;4.19.4&#8243; _module_preset=&#8221;default&#8221; global_colors_info=&#8221;{}&#8221;][et_pb_text _builder_version=&#8221;4.20.4&#8243; _module_preset=&#8221;default&#8221; hover_enabled=&#8221;0&#8243; global_colors_info=&#8221;{}&#8221; content_last_edited=&#8221;on|phone&#8221; sticky_enabled=&#8221;0&#8243; content_phone=&#8221;<\/p>\n<h1>\u00a0<\/h1>\n<h1 style=%22text-align: left;%22><span style=%22font-size: 16pt;%22><strong>Opera start \u2013 Up<\/strong><\/span><\/h1>\n<p>&nbsp;<\/p>\n<p style=%22text-align: left;%22><span style=%22font-size: 12pt;%22>Die ver\u00e4nderten Perspektiven des Musiktheaters und die Entwicklung der Publikumserwartungen haben die Rolle des S\u00e4ngers viel komplexer gemacht als in der Vergangenheit.<\/span><br \/><span style=%22font-size: 12pt;%22>Tats\u00e4chlich wird heute der stimmlich souver\u00e4ne und begnadete, aber szenisch unbeholfene S\u00e4nger nicht so gesch\u00e4tzt wie der S\u00e4nger\/Performer, der auch schauspielerische Qualit\u00e4ten besitzt.<\/span><br \/><span style=%22font-size: 12pt;%22>Ziel des Praktikums ist es, jungen S\u00e4ngerinnen und S\u00e4ngern die n\u00f6tigen F\u00e4higkeiten zu vermitteln, um die stumpfe Nachahmung stereotyper Gesten zu \u00fcberwinden. Durch die Vorstellung grundlegender stilistischer Modelle, das Studium von Ausf\u00fchrungstechniken und die dazugeh\u00f6rigen B\u00fchnen\u00fcbungen wird er auf die heute geforderte B\u00fchnenglaubw\u00fcrdigkeit ausgerichtet. Die psychologische Maske von\u00a0<strong>F. Schaljapin<\/strong><\/span><\/p>\n<p>&#8221; content_tablet=&#8221;<\/p>\n<h1 style=%22text-align: left;%22><span style=%22font-size: 20pt;%22><strong>Opera start \u2013 Up<\/strong><\/span><\/h1>\n<p style=%22text-align: left;%22><span style=%22font-size: 14pt;%22>Die ver\u00e4nderten Perspektiven des Musiktheaters und die Entwicklung der Publikumserwartungen haben die Rolle des S\u00e4ngers viel komplexer gemacht als in der Vergangenheit.<\/span><br \/><span style=%22font-size: 14pt;%22>Tats\u00e4chlich wird heute der stimmlich souver\u00e4ne und begnadete, aber szenisch unbeholfene S\u00e4nger nicht so gesch\u00e4tzt wie der S\u00e4nger\/Performer, der auch schauspielerische Qualit\u00e4ten besitzt.<\/span><br \/><span style=%22font-size: 14pt;%22>Ziel des Praktikums ist es, jungen S\u00e4ngerinnen und S\u00e4ngern die n\u00f6tigen F\u00e4higkeiten zu vermitteln, um die stumpfe Nachahmung stereotyper Gesten zu \u00fcberwinden. Durch die Vorstellung grundlegender stilistischer Modelle, das Studium von Ausf\u00fchrungstechniken und die dazugeh\u00f6rigen B\u00fchnen\u00fcbungen wird er auf die heute geforderte B\u00fchnenglaubw\u00fcrdigkeit ausgerichtet. Die psychologische Maske von\u00a0<strong>F. Schaljapin<\/strong><\/span><\/p>\n<p>&#8220;]<\/p>\n<h1 style=\"text-align: left;\"><span style=\"font-size: 20pt;\"><strong>Opera start \u2013 Up<\/strong><\/span><\/h1>\n<p style=\"text-align: left;\"><span style=\"font-size: 14pt;\">Die ver\u00e4nderten Perspektiven des Musiktheaters und die Entwicklung der Publikumserwartungen haben die Rolle des S\u00e4ngers viel komplexer gemacht als in der Vergangenheit.<\/span><br \/><span style=\"font-size: 14pt;\">Tats\u00e4chlich wird heute der stimmlich souver\u00e4ne und begnadete, aber szenisch unbeholfene S\u00e4nger nicht so gesch\u00e4tzt wie der S\u00e4nger\/Performer, der auch schauspielerische Qualit\u00e4ten besitzt.<\/span><br \/><span style=\"font-size: 14pt;\">Ziel des Praktikums ist es, jungen S\u00e4ngerinnen und S\u00e4ngern die n\u00f6tigen F\u00e4higkeiten zu vermitteln, um die stumpfe Nachahmung stereotyper Gesten zu \u00fcberwinden. Durch die Vorstellung grundlegender stilistischer Modelle, das Studium von Ausf\u00fchrungstechniken und die dazugeh\u00f6rigen B\u00fchnen\u00fcbungen wird er auf die heute geforderte B\u00fchnenglaubw\u00fcrdigkeit ausgerichtet. Die psychologische Maske von\u00a0<strong>F. Schaljapin<\/strong><\/span><\/p>\n<p>[\/et_pb_text][\/et_pb_column][\/et_pb_row][\/et_pb_section]<\/p>\n","protected":false},"excerpt":{"rendered":"<p>Opera start \u2013 Up Die ver\u00e4nderten Perspektiven des Musiktheaters und die Entwicklung der Publikumserwartungen haben die Rolle des S\u00e4ngers viel komplexer gemacht als in der Vergangenheit.Tats\u00e4chlich wird heute der stimmlich souver\u00e4ne und begnadete, aber szenisch unbeholfene S\u00e4nger nicht so gesch\u00e4tzt wie der S\u00e4nger\/Performer, der auch schauspielerische Qualit\u00e4ten besitzt.Ziel des Praktikums ist es, jungen S\u00e4ngerinnen und [&hellip;]<\/p>\n","protected":false},"author":3,"featured_media":0,"parent":0,"menu_order":0,"comment_status":"closed","ping_status":"closed","template":"","meta":{"_et_pb_use_builder":"on","_et_pb_old_content":"","_et_gb_content_width":"","_ml_titleColor":"#000000","_ml_titleFont":"Roboto","_ml_titleFontSize":1.136,"_ml_titleFontWeight":"400","_ml_titleLineHeight":1.3,"_ml_metaColor":"#708090","_ml_metaFont":"Montserrat","_ml_metaFontSize":0.6785,"_ml_metaFontWeight":"400","_ml_metaLineHeight":0.92,"_ml_bodyColor":"#a9a9a9","_ml_bodyFont":"Open Sans","_ml_bodyFontSize":0.85,"_ml_bodyFontWeight":"400","_ml_bodyLineHeight":1.2,"_ml_wooPriceColor":"#666","_ml_wooPriceFont":"Open Sans","_ml_wooPriceFontSize":0.9,"_ml_wooPriceFontWeight":"400","_ml_wooPriceLineHeight":1.27,"_ml_headingColor":"#000","_ml_headingFont":"Merriweather","_ml_headingFontSize":2.02,"_ml_headingFontWeight":"700","_ml_headingLineHeight":1.47,"_mlglobal_userfontcolors":{"headingColorUser":[],"titleColorUser":[],"metaColorUser":[],"bodyColorUser":[],"wooPriceColorUser":[]},"footnotes":""},"class_list":["post-47510","page","type-page","status-publish","hentry"],"yoast_head":"<!-- This site is optimized with the Yoast SEO plugin v27.4 - https:\/\/yoast.com\/product\/yoast-seo-wordpress\/ -->\n<title>STAGE DI AVVIAMENTO - Tenore Gennaro Sica<\/title>\n<meta name=\"robots\" content=\"index, follow, max-snippet:-1, max-image-preview:large, max-video-preview:-1\" \/>\n<link rel=\"canonical\" href=\"https:\/\/gennarosica.it\/de\/stage-di-avviamento\/\" \/>\n<meta property=\"og:locale\" content=\"it_IT\" \/>\n<meta property=\"og:type\" content=\"article\" \/>\n<meta property=\"og:title\" content=\"STAGE DI AVVIAMENTO - Tenore Gennaro Sica\" \/>\n<meta property=\"og:description\" content=\"Opera start \u2013 Up Die ver\u00e4nderten Perspektiven des Musiktheaters und die Entwicklung der Publikumserwartungen haben die Rolle des S\u00e4ngers viel komplexer gemacht als in der Vergangenheit.Tats\u00e4chlich wird heute der stimmlich souver\u00e4ne und begnadete, aber szenisch unbeholfene S\u00e4nger nicht so gesch\u00e4tzt wie der S\u00e4nger\/Performer, der auch schauspielerische Qualit\u00e4ten besitzt.Ziel des Praktikums ist es, jungen S\u00e4ngerinnen und [&hellip;]\" \/>\n<meta property=\"og:url\" content=\"https:\/\/gennarosica.it\/de\/stage-di-avviamento\/\" \/>\n<meta property=\"og:site_name\" content=\"Tenore Gennaro Sica\" \/>\n<meta property=\"article:publisher\" content=\"https:\/\/www.facebook.com\/oltrelabellezzaviareggio\/\" \/>\n<meta property=\"article:modified_time\" content=\"2023-05-06T11:43:12+00:00\" \/>\n<meta name=\"twitter:card\" content=\"summary_large_image\" \/>\n<meta name=\"twitter:label1\" content=\"Tempo di lettura stimato\" \/>\n\t<meta name=\"twitter:data1\" content=\"1 minuto\" \/>\n<script type=\"application\/ld+json\" class=\"yoast-schema-graph\">{\"@context\":\"https:\\\/\\\/schema.org\",\"@graph\":[{\"@type\":\"WebPage\",\"@id\":\"https:\\\/\\\/gennarosica.it\\\/de\\\/stage-di-avviamento\\\/\",\"url\":\"https:\\\/\\\/gennarosica.it\\\/de\\\/stage-di-avviamento\\\/\",\"name\":\"STAGE DI AVVIAMENTO - Tenore Gennaro Sica\",\"isPartOf\":{\"@id\":\"\\\/#website\"},\"datePublished\":\"2022-12-24T15:08:58+00:00\",\"dateModified\":\"2023-05-06T11:43:12+00:00\",\"breadcrumb\":{\"@id\":\"https:\\\/\\\/gennarosica.it\\\/de\\\/stage-di-avviamento\\\/#breadcrumb\"},\"inLanguage\":\"it-IT\",\"potentialAction\":[{\"@type\":\"ReadAction\",\"target\":[\"https:\\\/\\\/gennarosica.it\\\/de\\\/stage-di-avviamento\\\/\"]}]},{\"@type\":\"BreadcrumbList\",\"@id\":\"https:\\\/\\\/gennarosica.it\\\/de\\\/stage-di-avviamento\\\/#breadcrumb\",\"itemListElement\":[{\"@type\":\"ListItem\",\"position\":1,\"name\":\"Home\",\"item\":\"https:\\\/\\\/gennarosica.it\\\/de\\\/\"},{\"@type\":\"ListItem\",\"position\":2,\"name\":\"STAGE DI AVVIAMENTO\"}]},{\"@type\":\"WebSite\",\"@id\":\"\\\/#website\",\"url\":\"\\\/\",\"name\":\"Tenore Gennaro Sica\",\"description\":\"Canto e Arte scenica\",\"potentialAction\":[{\"@type\":\"SearchAction\",\"target\":{\"@type\":\"EntryPoint\",\"urlTemplate\":\"\\\/?s={search_term_string}\"},\"query-input\":{\"@type\":\"PropertyValueSpecification\",\"valueRequired\":true,\"valueName\":\"search_term_string\"}}],\"inLanguage\":\"it-IT\"}]}<\/script>\n<!-- \/ Yoast SEO plugin. -->","yoast_head_json":{"title":"STAGE DI AVVIAMENTO - Tenore Gennaro Sica","robots":{"index":"index","follow":"follow","max-snippet":"max-snippet:-1","max-image-preview":"max-image-preview:large","max-video-preview":"max-video-preview:-1"},"canonical":"https:\/\/gennarosica.it\/de\/stage-di-avviamento\/","og_locale":"it_IT","og_type":"article","og_title":"STAGE DI AVVIAMENTO - Tenore Gennaro Sica","og_description":"Opera start \u2013 Up Die ver\u00e4nderten Perspektiven des Musiktheaters und die Entwicklung der Publikumserwartungen haben die Rolle des S\u00e4ngers viel komplexer gemacht als in der Vergangenheit.Tats\u00e4chlich wird heute der stimmlich souver\u00e4ne und begnadete, aber szenisch unbeholfene S\u00e4nger nicht so gesch\u00e4tzt wie der S\u00e4nger\/Performer, der auch schauspielerische Qualit\u00e4ten besitzt.Ziel des Praktikums ist es, jungen S\u00e4ngerinnen und [&hellip;]","og_url":"https:\/\/gennarosica.it\/de\/stage-di-avviamento\/","og_site_name":"Tenore Gennaro Sica","article_publisher":"https:\/\/www.facebook.com\/oltrelabellezzaviareggio\/","article_modified_time":"2023-05-06T11:43:12+00:00","twitter_card":"summary_large_image","twitter_misc":{"Tempo di lettura stimato":"1 minuto"},"schema":{"@context":"https:\/\/schema.org","@graph":[{"@type":"WebPage","@id":"https:\/\/gennarosica.it\/de\/stage-di-avviamento\/","url":"https:\/\/gennarosica.it\/de\/stage-di-avviamento\/","name":"STAGE DI AVVIAMENTO - Tenore Gennaro Sica","isPartOf":{"@id":"\/#website"},"datePublished":"2022-12-24T15:08:58+00:00","dateModified":"2023-05-06T11:43:12+00:00","breadcrumb":{"@id":"https:\/\/gennarosica.it\/de\/stage-di-avviamento\/#breadcrumb"},"inLanguage":"it-IT","potentialAction":[{"@type":"ReadAction","target":["https:\/\/gennarosica.it\/de\/stage-di-avviamento\/"]}]},{"@type":"BreadcrumbList","@id":"https:\/\/gennarosica.it\/de\/stage-di-avviamento\/#breadcrumb","itemListElement":[{"@type":"ListItem","position":1,"name":"Home","item":"https:\/\/gennarosica.it\/de\/"},{"@type":"ListItem","position":2,"name":"STAGE DI AVVIAMENTO"}]},{"@type":"WebSite","@id":"\/#website","url":"\/","name":"Tenore Gennaro Sica","description":"Canto e Arte scenica","potentialAction":[{"@type":"SearchAction","target":{"@type":"EntryPoint","urlTemplate":"\/?s={search_term_string}"},"query-input":{"@type":"PropertyValueSpecification","valueRequired":true,"valueName":"search_term_string"}}],"inLanguage":"it-IT"}]}},"_links":{"self":[{"href":"https:\/\/gennarosica.it\/de\/wp-json\/wp\/v2\/pages\/47510","targetHints":{"allow":["GET"]}}],"collection":[{"href":"https:\/\/gennarosica.it\/de\/wp-json\/wp\/v2\/pages"}],"about":[{"href":"https:\/\/gennarosica.it\/de\/wp-json\/wp\/v2\/types\/page"}],"author":[{"embeddable":true,"href":"https:\/\/gennarosica.it\/de\/wp-json\/wp\/v2\/users\/3"}],"replies":[{"embeddable":true,"href":"https:\/\/gennarosica.it\/de\/wp-json\/wp\/v2\/comments?post=47510"}],"version-history":[{"count":13,"href":"https:\/\/gennarosica.it\/de\/wp-json\/wp\/v2\/pages\/47510\/revisions"}],"predecessor-version":[{"id":48382,"href":"https:\/\/gennarosica.it\/de\/wp-json\/wp\/v2\/pages\/47510\/revisions\/48382"}],"wp:attachment":[{"href":"https:\/\/gennarosica.it\/de\/wp-json\/wp\/v2\/media?parent=47510"}],"curies":[{"name":"wp","href":"https:\/\/api.w.org\/{rel}","templated":true}]}}